{"id":12,"date":"2023-06-22T22:45:19","date_gmt":"2023-06-22T20:45:19","guid":{"rendered":"https:\/\/laveriesaintjeandelaruelle.fr\/?page_id=12"},"modified":"2023-08-07T15:05:14","modified_gmt":"2023-08-07T13:05:14","slug":"a-propos","status":"publish","type":"page","link":"https:\/\/laveriesaintjeandelaruelle.fr\/?page_id=12","title":{"rendered":"A propos"},"content":{"rendered":"<style>.kb-row-layout-wrap.wp-block-kadence-rowlayout.kb-row-layout-id_99bdf1-fd{margin-bottom:var(--global-kb-spacing-lg, 3rem);}.kb-row-layout-id_99bdf1-fd > .kt-row-column-wrap{align-content:start;}:where(.kb-row-layout-id_99bdf1-fd > .kt-row-column-wrap) > .wp-block-kadence-column{justify-content:start;}.kb-row-layout-id_99bdf1-fd > .kt-row-column-wrap{column-gap:var(--global-kb-gap-md, 2rem);row-gap:var(--global-kb-gap-md, 2rem);padding-top:var(--global-kb-spacing-sm, 1.5rem);padding-bottom:var(--global-kb-spacing-sm, 1.5rem);grid-template-columns:minmax(0, 2fr) minmax(0, 1fr);}.kb-row-layout-id_99bdf1-fd{background-color:rgba(209,211,212,0.42);}.kb-row-layout-id_99bdf1-fd > .kt-row-layout-overlay{opacity:0.30;}@media all and (max-width: 1024px){.kb-row-layout-id_99bdf1-fd > .kt-row-column-wrap{grid-template-columns:repeat(2, minmax(0, 1fr));}}@media all and (max-width: 767px){.kb-row-layout-id_99bdf1-fd > .kt-row-column-wrap{grid-template-columns:minmax(0, 1fr);}}<\/style><div class=\"kb-row-layout-wrap kb-row-layout-id_99bdf1-fd alignnone kt-row-has-bg wp-block-kadence-rowlayout\"><div class=\"kt-row-column-wrap kt-has-2-columns kt-row-layout-left-golden kt-tab-layout-inherit kt-mobile-layout-row kt-row-valign-top\">\n<style>.kadence-column_b3cc3d-2a > .kt-inside-inner-col,.kadence-column_b3cc3d-2a > .kt-inside-inner-col:before{border-top-left-radius:0px;border-top-right-radius:0px;border-bottom-right-radius:0px;border-bottom-left-radius:0px;}.kadence-column_b3cc3d-2a > .kt-inside-inner-col{column-gap:var(--global-kb-gap-sm, 1rem);}.kadence-column_b3cc3d-2a > .kt-inside-inner-col{flex-direction:column;}.kadence-column_b3cc3d-2a > .kt-inside-inner-col > .aligncenter{width:100%;}.kadence-column_b3cc3d-2a > .kt-inside-inner-col:before{opacity:0.3;}.kadence-column_b3cc3d-2a{position:relative;}@media all and (max-width: 1024px){.kadence-column_b3cc3d-2a > .kt-inside-inner-col{flex-direction:column;}}@media all and (max-width: 767px){.kadence-column_b3cc3d-2a > .kt-inside-inner-col{flex-direction:column;}}<\/style>\n<div class=\"wp-block-kadence-column kadence-column_b3cc3d-2a\"><div class=\"kt-inside-inner-col\"><style>.kb-google-maps-container_826e2c-5b{height:450px;}@media all and (max-width: 767px){.kb-google-maps-container_826e2c-5b{height:300px;}}<\/style><div class=\"kb-google-maps-container kb-google-maps-container_826e2c-5b  wp-block-kadence-googlemaps\" data-mapid=\"_826e2c-5b\"><iframe width=\"100%\" height=\"100%\"\n\t\t\t\t\t\t\tstyle=\"border:0\" loading=\"lazy\"\n\t\t\t\t\t\t\tsrc=\"https:\/\/www.google.com\/maps\/embed\/v1\/place?key=AIzaSyBAM2o7PiQqwk15LC1XRH2e_KJ-jUa7KYk&#038;zoom=11&#038;maptype=roadmap&#038;q=126+rue+du+petit+chasseur+45140+saint+jean+de+la+ruelle\"\n\t\t\t\t\t\t\ttitle=\"Google map of 126 rue du petit chasseur 45140 saint jean de la ruelle\"><\/iframe><\/div><script>function kb_google_map_826e2c_5b() { let center = { lat: 37.8201, lng: -122.4781}; let map = new google.maps.Map(document.getElementById(\"kb-google-map_826e2c-5b\"), {\n\t\t\t\t\t    zoom: 11,\n\t\t\t\t\t    center: center,});let marker = new google.maps.Marker({   position: { lat: 37.8201, lng: -122.4781},    map: map,  });}<\/script><\/div><\/div>\n\n\n<style>.kadence-column_7409c8-32 > .kt-inside-inner-col,.kadence-column_7409c8-32 > .kt-inside-inner-col:before{border-top-left-radius:0px;border-top-right-radius:0px;border-bottom-right-radius:0px;border-bottom-left-radius:0px;}.kadence-column_7409c8-32 > .kt-inside-inner-col{column-gap:var(--global-kb-gap-sm, 1rem);}.kadence-column_7409c8-32 > .kt-inside-inner-col{flex-direction:column;}.kadence-column_7409c8-32 > .kt-inside-inner-col > .aligncenter{width:100%;}.kadence-column_7409c8-32 > .kt-inside-inner-col:before{opacity:0.3;}.kadence-column_7409c8-32{position:relative;}@media all and (max-width: 1024px){.kadence-column_7409c8-32 > .kt-inside-inner-col{flex-direction:column;}}@media all and (max-width: 767px){.kadence-column_7409c8-32 > .kt-inside-inner-col{flex-direction:column;}}<\/style>\n<div class=\"wp-block-kadence-column kadence-column_7409c8-32\"><div class=\"kt-inside-inner-col\">\n<h2 class=\"wp-block-heading has-large-font-size\">Adresse<\/h2>\n\n\n\n<p class=\"has-small-font-size\">126, rue du petit chasseur<br>Saint Jean de la Ruelle, 45140<\/p>\n\n\n\n<blockquote class=\"wp-block-quote is-layout-flow wp-block-quote-is-layout-flow\">\n<h2 class=\"wp-block-heading\">Horaires<\/h2>\n\n\n\n<p class=\"has-small-font-size\">Lundi : 6h30 &#8211; 22h00<br>Mardi : 6h30 &#8211; 22h00<br>Mercredi : 6h30 &#8211; 22h00<br>Jeudi : 6h30 &#8211; 22h00<br>Vendredi : 6h30 &#8211; 22h00<br>Samedi : 6h30 &#8211; 22h00<br>Dimanche : 6h30 &#8211; 22h00<\/p>\n<\/blockquote>\n<\/div><\/div>\n\n<\/div><\/div>\n\n\n<div class=\"wp-block-columns is-layout-flex wp-container-core-columns-is-layout-9d6595d7 wp-block-columns-is-layout-flex\">\n<div class=\"wp-block-column has-theme-palette-8-background-color has-background is-layout-flow wp-block-column-is-layout-flow\">\n<h2 class=\"wp-block-heading\">Amazon locker<\/h2>\n\n\n\n<p>Vous pouvez vous faire livrer vos colis Amazon dans notre laverie.<br>Le point de retrait est une borne s\u00e9curis\u00e9e, en libre-service, enti\u00e8rement automatis\u00e9e. <br>Ce locker dispose de casiers de tailles diff\u00e9rentes.<\/p>\n\n\n\n<h2 class=\"wp-block-heading\">Horaires<\/h2>\n\n\n\n<p>Lundi &#8211; Dimanche : 6h30 et 22h00<\/p>\n<\/div>\n\n\n\n<div class=\"wp-block-column is-layout-flow wp-block-column-is-layout-flow\">\n<figure class=\"wp-block-image size-large is-resized\"><img loading=\"lazy\" decoding=\"async\" src=\"https:\/\/laveriesaintjeandelaruelle.fr\/wp-content\/uploads\/2023\/06\/locker-vu-de-profil-1-1024x768.jpg\" alt=\"\" class=\"wp-image-80\" width=\"517\" height=\"388\" srcset=\"https:\/\/laveriesaintjeandelaruelle.fr\/wp-content\/uploads\/2023\/06\/locker-vu-de-profil-1-1024x768.jpg 1024w, https:\/\/laveriesaintjeandelaruelle.fr\/wp-content\/uploads\/2023\/06\/locker-vu-de-profil-1-300x225.jpg 300w, https:\/\/laveriesaintjeandelaruelle.fr\/wp-content\/uploads\/2023\/06\/locker-vu-de-profil-1-768x576.jpg 768w, https:\/\/laveriesaintjeandelaruelle.fr\/wp-content\/uploads\/2023\/06\/locker-vu-de-profil-1-1536x1152.jpg 1536w, https:\/\/laveriesaintjeandelaruelle.fr\/wp-content\/uploads\/2023\/06\/locker-vu-de-profil-1.jpg 1600w\" sizes=\"auto, (max-width: 517px) 100vw, 517px\" \/><\/figure>\n<\/div>\n<\/div>\n\n\n<style>.kb-row-layout-wrap.wp-block-kadence-rowlayout.kb-row-layout-id_0de252-f7{margin-top:var(--global-kb-spacing-lg, 3rem);}.kb-row-layout-id_0de252-f7 > .kt-row-column-wrap{align-content:start;}:where(.kb-row-layout-id_0de252-f7 > .kt-row-column-wrap) > .wp-block-kadence-column{justify-content:start;}.kb-row-layout-id_0de252-f7 > .kt-row-column-wrap{column-gap:var(--global-kb-gap-lg, 4rem);row-gap:var(--global-kb-gap-none, 0rem );max-width:760px;margin-left:auto;margin-right:auto;padding-top:var(--global-kb-spacing-xl, 4rem);padding-right:var(--global-kb-spacing-xxl, 5rem);padding-bottom:var(--global-kb-spacing-xl, 4rem);padding-left:var(--global-kb-spacing-xxl, 5rem);grid-template-columns:minmax(0, 1fr);}.kb-row-layout-id_0de252-f7{background-color:rgba(0,0,0,0.07);background-image:url('https:\/\/laveriesaintjeandelaruelle.fr\/wp-content\/uploads\/2023\/06\/photo-laverie-3.jpg');background-size:cover;background-position:center center;background-attachment:scroll;background-repeat:no-repeat;}.kb-row-layout-id_0de252-f7 > .kt-row-layout-overlay{opacity:0.70;background-color:var(--global-palette6, #718096);}@media all and (max-width: 1024px){.kb-row-layout-id_0de252-f7 > .kt-row-column-wrap{row-gap:var(--global-kb-gap-sm, 1rem);grid-template-columns:minmax(0, 1fr);}}@media all and (max-width: 767px){.kb-row-layout-id_0de252-f7 > .kt-row-column-wrap{row-gap:var(--global-kb-gap-sm, 1rem);padding-top:var(--global-kb-spacing-xs, 1rem);padding-right:var(--global-kb-spacing-xs, 1rem);padding-bottom:var(--global-kb-spacing-xs, 1rem);padding-left:var(--global-kb-spacing-xs, 1rem);grid-template-columns:minmax(0, 1fr);}}<\/style><div class=\"kb-row-layout-wrap kb-row-layout-id_0de252-f7 alignfull kt-row-has-bg wp-block-kadence-rowlayout\"><div class=\"kt-row-layout-overlay kt-row-overlay-normal\"><\/div><div class=\"kt-row-column-wrap kt-has-1-columns kt-row-layout-equal kt-tab-layout-inherit kt-mobile-layout-row kt-row-valign-top\">\n<style>.kadence-column_6af022-7a > .kt-inside-inner-col{padding-top:var(--global-kb-spacing-lg, 3rem);padding-right:var(--global-kb-spacing-xl, 4rem);padding-bottom:var(--global-kb-spacing-lg, 3rem);padding-left:var(--global-kb-spacing-xl, 4rem);}.kadence-column_6af022-7a > .kt-inside-inner-col,.kadence-column_6af022-7a > .kt-inside-inner-col:before{border-top-left-radius:0px;border-top-right-radius:0px;border-bottom-right-radius:0px;border-bottom-left-radius:0px;}.kadence-column_6af022-7a > .kt-inside-inner-col{column-gap:var(--global-kb-gap-sm, 1rem);}.kadence-column_6af022-7a > .kt-inside-inner-col{flex-direction:column;}.kadence-column_6af022-7a > .kt-inside-inner-col > .aligncenter{width:100%;}.kadence-column_6af022-7a > .kt-inside-inner-col{background-color:var(--global-palette9, #ffffff);}.kadence-column_6af022-7a > .kt-inside-inner-col:before{opacity:0.3;}.kadence-column_6af022-7a{position:relative;}@media all and (max-width: 1024px){.kadence-column_6af022-7a > .kt-inside-inner-col{flex-direction:column;}}@media all and (max-width: 767px){.kadence-column_6af022-7a > .kt-inside-inner-col{padding-top:var(--global-kb-spacing-sm, 1.5rem);padding-right:var(--global-kb-spacing-sm, 1.5rem);padding-bottom:var(--global-kb-spacing-sm, 1.5rem);padding-left:var(--global-kb-spacing-sm, 1.5rem);flex-direction:column;}}<\/style>\n<div class=\"wp-block-kadence-column kadence-column_6af022-7a inner-column-2\"><div class=\"kt-inside-inner-col\"><style>.wp-block-kadence-advancedheading.kt-adv-heading_828642-10, .wp-block-kadence-advancedheading.kt-adv-heading_828642-10[data-kb-block=\"kb-adv-heading_828642-10\"]{max-width:1000px;padding-bottom:var(--global-kb-spacing-sm, 1.5rem);margin-bottom:0px;font-size:var(--global-kb-font-size-xl, 3rem);line-height:1.2;font-style:normal;}.wp-block-kadence-advancedheading.kt-adv-heading_828642-10 mark, .wp-block-kadence-advancedheading.kt-adv-heading_828642-10[data-kb-block=\"kb-adv-heading_828642-10\"] mark{font-style:normal;color:#f76a0c;padding-top:0px;padding-right:0px;padding-bottom:0px;padding-left:0px;}<\/style>\n<h2 class=\"kt-adv-heading_828642-10 wp-block-kadence-advancedheading has-theme-palette-3-color has-text-color\" data-kb-block=\"kb-adv-heading_828642-10\">Nous contacter<\/h2>\n\n\n<style>.kadence-form-_d24fba-4d .kb-form .kadence-blocks-form-field .kb-text-style-field, .kadence-form-_d24fba-4d .kb-form .kadence-blocks-form-field .kb-select-style-field{color:var(--global-palette4, #2D3748);background:var(--global-palette9, #ffffff);border-color:var(--global-palette6, #718096);}.kadence-form-_d24fba-4d .kb-form .kadence-blocks-form-field > label{color:var(--global-palette3, #1A202C);}<\/style>\n<div class=\"wp-block-kadence-form kadence-form-_d24fba-4d kb-form-wrap\"><form class=\"kb-form\" action=\"\" method=\"post\"><div class=\"kadence-blocks-form-field kb-field-desk-width-100 kb-input-size-standard\"><label for=\"kb_field__d24fba-4d_0\">Nom Pr\u00e9nom<span class=\"required\">*<\/span><\/label><input name=\"kb_field_0\" id=\"kb_field__d24fba-4d_0\" data-label=\"Nom Pr\u00e9nom\" type=\"text\" placeholder=\"\" value=\"\" data-type=\"text\" class=\"kb-field kb-text-style-field kb-text-field kb-field-0\" data-required=\"yes\"\/><\/div><div class=\"kadence-blocks-form-field kb-form-field-1 kb-field-desk-width-100 kb-input-size-standard\"><label for=\"kb_field__d24fba-4d_1\">Email<span class=\"required\">*<\/span><\/label><input name=\"kb_field_1\" id=\"kb_field__d24fba-4d_1\" data-label=\"Email\" type=\"email\" placeholder=\"\" value=\"\" data-type=\"email\" class=\"kb-field kb-text-style-field kb-email-field kb-field-1\" data-required=\"yes\"\/><\/div><div class=\"kadence-blocks-form-field kb-form-field-2 kb-field-desk-width-100 kb-input-size-standard\"><label for=\"kb_field__d24fba-4d_2\">Message<span class=\"required\">*<\/span><\/label><textarea name=\"kb_field_2\" id=\"kb_field__d24fba-4d_2\" data-label=\"Message\" type=\"textarea\" placeholder=\"\" data-type=\"textarea\" class=\"kb-field kb-text-style-field kb-textarea-field kb-field-2\" rows=\"4\" data-required=\"yes\"><\/textarea><\/div><input type=\"hidden\" name=\"_kb_form_id\" value=\"_d24fba-4d\"\/><input type=\"hidden\" name=\"_kb_form_post_id\" value=\"12\"\/><input type=\"hidden\" name=\"action\" value=\"kb_process_ajax_submit\"\/><input class=\"kadence-blocks-field verify\" type=\"text\" name=\"_kb_verify_email\" autocomplete=\"new-password\" aria-hidden=\"true\" placeholder=\"Email\" tabindex=\"-1\" data-1p-ignore=\"true\" data-lpignore=\"true\" \/><div class=\"kadence-blocks-form-field kb-submit-field kb-field-desk-width-100\"><button class=\"kb-forms-submit button kb-button-size-standard kb-button-width-auto\">Envoyer<\/button><\/div><\/form><\/div>\n<noscript><div class=\"kadence-blocks-form-message kadence-blocks-form-warning\">Please enable JavaScript in your browser to submit the form<\/div><style>.kadence-form-_d24fba-4d .kadence-blocks-form-field.kb-submit-field { display: none; }<\/style><\/noscript><\/div><\/div>\n\n<\/div><\/div>","protected":false},"excerpt":{"rendered":"<p>Adresse 126, rue du petit chasseurSaint Jean de la Ruelle, 45140 Horaires Lundi : 6h30 &#8211; 22h00Mardi : 6h30 &#8211; 22h00Mercredi : 6h30 &#8211; 22h00Jeudi : 6h30 &#8211; 22h00Vendredi : 6h30 &#8211; 22h00Samedi : 6h30 &#8211; 22h00Dimanche : 6h30 &#8211; 22h00 Amazon locker Vous pouvez vous faire livrer vos colis Amazon dans notre laverie.Le point&#8230;<\/p>\n","protected":false},"author":1,"featured_media":0,"parent":0,"menu_order":0,"comment_status":"closed","ping_status":"closed","template":"","meta":{"_kad_post_transparent":"","_kad_post_title":"hide","_kad_post_layout":"","_kad_post_sidebar_id":"","_kad_post_content_style":"","_kad_post_vertical_padding":"hide","_kad_post_feature":"","_kad_post_feature_position":"","_kad_post_header":false,"_kad_post_footer":false,"footnotes":""},"class_list":["post-12","page","type-page","status-publish","hentry"],"_links":{"self":[{"href":"https:\/\/laveriesaintjeandelaruelle.fr\/index.php?rest_route=\/wp\/v2\/pages\/12","targetHints":{"allow":["GET"]}}],"collection":[{"href":"https:\/\/laveriesaintjeandelaruelle.fr\/index.php?rest_route=\/wp\/v2\/pages"}],"about":[{"href":"https:\/\/laveriesaintjeandelaruelle.fr\/index.php?rest_route=\/wp\/v2\/types\/page"}],"author":[{"embeddable":true,"href":"https:\/\/laveriesaintjeandelaruelle.fr\/index.php?rest_route=\/wp\/v2\/users\/1"}],"replies":[{"embeddable":true,"href":"https:\/\/laveriesaintjeandelaruelle.fr\/index.php?rest_route=%2Fwp%2Fv2%2Fcomments&post=12"}],"version-history":[{"count":41,"href":"https:\/\/laveriesaintjeandelaruelle.fr\/index.php?rest_route=\/wp\/v2\/pages\/12\/revisions"}],"predecessor-version":[{"id":303,"href":"https:\/\/laveriesaintjeandelaruelle.fr\/index.php?rest_route=\/wp\/v2\/pages\/12\/revisions\/303"}],"wp:attachment":[{"href":"https:\/\/laveriesaintjeandelaruelle.fr\/index.php?rest_route=%2Fwp%2Fv2%2Fmedia&parent=12"}],"curies":[{"name":"wp","href":"https:\/\/api.w.org\/{rel}","templated":true}]}}